{"id":31,"date":"2020-04-13T11:18:52","date_gmt":"2020-04-13T11:18:52","guid":{"rendered":"http:\/\/ksan.me\/?page_id=31"},"modified":"2024-05-19T16:44:21","modified_gmt":"2024-05-19T16:44:21","slug":"o-nama","status":"publish","type":"page","link":"https:\/\/ksan.me\/?page_id=31","title":{"rendered":"O nama"},"content":{"rendered":"\t\t<div data-elementor-type=\"wp-page\" data-elementor-id=\"31\" class=\"elementor elementor-31\">\n\t\t\t\t\t\t<section class=\"elementor-section elementor-top-section elementor-element elementor-element-5131a13e elementor-section-boxed elementor-section-height-default elementor-section-height-default\" data-id=\"5131a13e\" data-element_type=\"section\" data-e-type=\"section\" data-settings=\"{&quot;background_background&quot;:&quot;classic&quot;}\">\n\t\t\t\t\t\t\t<div class=\"elementor-background-overlay\"><\/div>\n\t\t\t\t\t\t\t<div class=\"elementor-container elementor-column-gap-no\">\n\t\t\t\t\t<div class=\"elementor-column elementor-col-100 elementor-top-column elementor-element elementor-element-1053ca7a\" data-id=\"1053ca7a\" data-element_type=\"column\" data-e-type=\"column\">\n\t\t\t<div class=\"elementor-widget-wrap elementor-element-populated\">\n\t\t\t\t\t\t<div class=\"elementor-element elementor-element-3d99e122 elementor-widget elementor-widget-heading\" data-id=\"3d99e122\" data-element_type=\"widget\" data-e-type=\"widget\" data-widget_type=\"heading.default\">\n\t\t\t\t<div class=\"elementor-widget-container\">\n\t\t\t\t\t<h1 class=\"elementor-heading-title elementor-size-default\">o NAMA<\/h1>\t\t\t\t<\/div>\n\t\t\t\t<\/div>\n\t\t\t\t\t<\/div>\n\t\t<\/div>\n\t\t\t\t\t<\/div>\n\t\t<\/section>\n\t\t\t\t<section class=\"elementor-section elementor-top-section elementor-element elementor-element-40177ae0 elementor-section-boxed elementor-section-height-default elementor-section-height-default\" data-id=\"40177ae0\" data-element_type=\"section\" data-e-type=\"section\">\n\t\t\t\t\t\t<div class=\"elementor-container elementor-column-gap-no\">\n\t\t\t\t\t<div class=\"elementor-column elementor-col-50 elementor-top-column elementor-element elementor-element-2828f573\" data-id=\"2828f573\" data-element_type=\"column\" data-e-type=\"column\">\n\t\t\t<div class=\"elementor-widget-wrap elementor-element-populated\">\n\t\t\t\t\t\t<div class=\"elementor-element elementor-element-68afc23b elementor-widget elementor-widget-heading\" data-id=\"68afc23b\" data-element_type=\"widget\" data-e-type=\"widget\" data-widget_type=\"heading.default\">\n\t\t\t\t<div class=\"elementor-widget-container\">\n\t\t\t\t\t<div class=\"elementor-heading-title elementor-size-default\">Mladi, \u017eelja i ambicija!<\/div>\t\t\t\t<\/div>\n\t\t\t\t<\/div>\n\t\t\t\t\t<\/div>\n\t\t<\/div>\n\t\t\t\t<div class=\"elementor-column elementor-col-50 elementor-top-column elementor-element elementor-element-48096891\" data-id=\"48096891\" data-element_type=\"column\" data-e-type=\"column\">\n\t\t\t<div class=\"elementor-widget-wrap elementor-element-populated\">\n\t\t\t\t\t\t<div class=\"elementor-element elementor-element-44ce5982 elementor-widget elementor-widget-text-editor\" data-id=\"44ce5982\" data-element_type=\"widget\" data-e-type=\"widget\" data-widget_type=\"text-editor.default\">\n\t\t\t\t<div class=\"elementor-widget-container\">\n\t\t\t\t\t\t\t\t\t<p>NVU Korak sa naukom osnovana je 2020.godine od strane studenata, prije svega prijatelja, koji \u017eele da isprave ono \u0161to tokom svog \u0161kolovanja nisu imali i pobolj\u0161aju uslove za vannastavno u\u010denje nadolaze\u0107im generacijama generacija.<\/p>\t\t\t\t\t\t\t\t<\/div>\n\t\t\t\t<\/div>\n\t\t\t\t<div class=\"elementor-element elementor-element-e56ab06 elementor-widget elementor-widget-text-editor\" data-id=\"e56ab06\" data-element_type=\"widget\" data-e-type=\"widget\" data-widget_type=\"text-editor.default\">\n\t\t\t\t<div class=\"elementor-widget-container\">\n\t\t\t\t\t\t\t\t\t<p>Nevladino udru\u017eenje \u201cKorak sa naukom\u201d je registrovano nevladino udru\u017eenje, osnovano 15.05.2020.godine. Cilj na\u0161e organizacije je popularizacija nauke i \u0161irenje svijesti o njenom zna\u010daju. Projektima u okviru na\u0161eg udru\u017eenja \u017eelimo da zainteresujemo i na \u0161to prijem\u010diviji na\u010din upoznamo u\u010denike grada Pljevalja i Crne Gore sa in\u017eenjerskim naukama i vje\u0161tinama.<\/p>\t\t\t\t\t\t\t\t<\/div>\n\t\t\t\t<\/div>\n\t\t\t\t<div class=\"elementor-element elementor-element-41a203d elementor-widget elementor-widget-text-editor\" data-id=\"41a203d\" data-element_type=\"widget\" data-e-type=\"widget\" data-widget_type=\"text-editor.default\">\n\t\t\t\t<div class=\"elementor-widget-container\">\n\t\t\t\t\t\t\t\t\t<p>Na\u0161 tim \u010dine mladi (studenti ili svr\u0161eni studenti) koji studiraju i \u017eive na prostoru Balkana i direktno u\u010destvuju u aktivnom \u017eivotu osnovaca i srednjo\u0161kolaca, koji su ujedno i dio ciljne grupe ovog udru\u017eenja. Kako su i na\u0161i \u010dlanovi, sami bili u istim godinama nedavno i borili se za ono za \u0161ta bi mladi trebali da se bore, za nauku, njenu primjenu i generalno edukaciju u \u0161irem smislu, uvi\u0111amo problem otu\u0111ivanja nauke i nau\u010dnih disciplina od prosje\u010dnog \u010dovjeka.<\/p>\t\t\t\t\t\t\t\t<\/div>\n\t\t\t\t<\/div>\n\t\t\t\t\t<\/div>\n\t\t<\/div>\n\t\t\t\t\t<\/div>\n\t\t<\/section>\n\t\t\t\t<section class=\"elementor-section elementor-top-section elementor-element elementor-element-88095be elementor-section-boxed elementor-section-height-default elementor-section-height-default\" data-id=\"88095be\" data-element_type=\"section\" data-e-type=\"section\" data-settings=\"{&quot;background_background&quot;:&quot;classic&quot;}\">\n\t\t\t\t\t\t<div class=\"elementor-container elementor-column-gap-no\">\n\t\t\t\t\t<div class=\"elementor-column elementor-col-33 elementor-top-column elementor-element elementor-element-b59566c\" data-id=\"b59566c\" data-element_type=\"column\" data-e-type=\"column\">\n\t\t\t<div class=\"elementor-widget-wrap elementor-element-populated\">\n\t\t\t\t\t\t<div class=\"elementor-element elementor-element-b292dd2 elementor-widget elementor-widget-image-box\" data-id=\"b292dd2\" data-element_type=\"widget\" data-e-type=\"widget\" data-widget_type=\"image-box.default\">\n\t\t\t\t<div class=\"elementor-widget-container\">\n\t\t\t\t\t<div class=\"elementor-image-box-wrapper\"><div class=\"elementor-image-box-content\"><h2 class=\"elementor-image-box-title\">mISIJA<\/h2><p class=\"elementor-image-box-description\">Suo\u010deni smo sa problemom sve ve\u0107e nezainteresovanosti mladih kada je nauka u pitanju, zbog \u010dega \u017eelimo da stvorimo ambijent koji \u0107e nauku predstaviti razumljivom i pristupa\u010dnom.<\/p><\/div><\/div>\t\t\t\t<\/div>\n\t\t\t\t<\/div>\n\t\t\t\t\t<\/div>\n\t\t<\/div>\n\t\t\t\t<div class=\"elementor-column elementor-col-33 elementor-top-column elementor-element elementor-element-bca9a20\" data-id=\"bca9a20\" data-element_type=\"column\" data-e-type=\"column\">\n\t\t\t<div class=\"elementor-widget-wrap elementor-element-populated\">\n\t\t\t\t\t\t<div class=\"elementor-element elementor-element-b0e23ae elementor-widget elementor-widget-image-box\" data-id=\"b0e23ae\" data-element_type=\"widget\" data-e-type=\"widget\" data-widget_type=\"image-box.default\">\n\t\t\t\t<div class=\"elementor-widget-container\">\n\t\t\t\t\t<div class=\"elementor-image-box-wrapper\"><div class=\"elementor-image-box-content\"><h2 class=\"elementor-image-box-title\">CILJ<\/h2><p class=\"elementor-image-box-description\">Cilj na\u0161e organizacije je popularizacija nauke i \u0161irenje svijesti o njenom zna\u010daju.  <\/p><\/div><\/div>\t\t\t\t<\/div>\n\t\t\t\t<\/div>\n\t\t\t\t\t<\/div>\n\t\t<\/div>\n\t\t\t\t<div class=\"elementor-column elementor-col-33 elementor-top-column elementor-element elementor-element-6b0d72f\" data-id=\"6b0d72f\" data-element_type=\"column\" data-e-type=\"column\">\n\t\t\t<div class=\"elementor-widget-wrap elementor-element-populated\">\n\t\t\t\t\t\t<div class=\"elementor-element elementor-element-30cd69e elementor-widget elementor-widget-heading\" data-id=\"30cd69e\" data-element_type=\"widget\" data-e-type=\"widget\" data-widget_type=\"heading.default\">\n\t\t\t\t<div class=\"elementor-widget-container\">\n\t\t\t\t\t<h2 class=\"elementor-heading-title elementor-size-default\">RAZVOJ<\/h2>\t\t\t\t<\/div>\n\t\t\t\t<\/div>\n\t\t\t\t<div class=\"elementor-element elementor-element-9f92279 elementor-icon-list--layout-traditional elementor-list-item-link-full_width elementor-widget elementor-widget-icon-list\" data-id=\"9f92279\" data-element_type=\"widget\" data-e-type=\"widget\" data-widget_type=\"icon-list.default\">\n\t\t\t\t<div class=\"elementor-widget-container\">\n\t\t\t\t\t\t\t<ul class=\"elementor-icon-list-items\">\n\t\t\t\t\t\t\t<li class=\"elementor-icon-list-item\">\n\t\t\t\t\t\t\t\t\t\t<span class=\"elementor-icon-list-text\">Projektima u okviru na\u0161eg udru\u017eenja \u017eelimo da zainteresujemo i na \u0161to prijem\u010diviji na\u010din upoznamo u\u010denike grada Pljevalja i Crne Gore sa in\u017eenjerskim naukama i vje\u0161tinama.<\/span>\n\t\t\t\t\t\t\t\t\t<\/li>\n\t\t\t\t\t\t<\/ul>\n\t\t\t\t\t\t<\/div>\n\t\t\t\t<\/div>\n\t\t\t\t\t<\/div>\n\t\t<\/div>\n\t\t\t\t\t<\/div>\n\t\t<\/section>\n\t\t\t\t<\/div>\n\t\t","protected":false},"excerpt":{"rendered":"<p>o NAMA Mladi, \u017eelja i ambicija! NVU Korak sa naukom osnovana je 2020.godine od strane studenata, prije svega prijatelja, koji \u017eele da isprave ono \u0161to tokom svog \u0161kolovanja nisu imali i pobolj\u0161aju uslove za vannastavno u\u010denje nadolaze\u0107im generacijama generacija. Nevladino udru\u017eenje \u201cKorak sa naukom\u201d je registrovano nevladino udru\u017eenje, osnovano 15.05.2020.godine. Cilj na\u0161e organizacije je popularizacija &hellip;<\/p>\n<p class=\"read-more\"> <a class=\"\" href=\"https:\/\/ksan.me\/?page_id=31\"> <span class=\"screen-reader-text\">O nama<\/span> Read More &raquo;<\/a><\/p>\n","protected":false},"author":1,"featured_media":0,"parent":0,"menu_order":0,"comment_status":"closed","ping_status":"closed","template":"","meta":{"om_disable_all_campaigns":false,"_monsterinsights_skip_tracking":false,"_monsterinsights_sitenote_active":false,"_monsterinsights_sitenote_note":"","_monsterinsights_sitenote_category":0,"site-sidebar-layout":"no-sidebar","site-content-layout":"page-builder","ast-main-header-display":"","ast-hfb-above-header-display":"","ast-hfb-below-header-display":"","ast-hfb-mobile-header-display":"","site-post-title":"disabled","ast-breadcrumbs-content":"","ast-featured-img":"","footer-sml-layout":"","theme-transparent-header-meta":"enabled","adv-header-id-meta":"","stick-header-meta":"","header-above-stick-meta":"","header-main-stick-meta":"","header-below-stick-meta":"","footnotes":""},"class_list":["post-31","page","type-page","status-publish","hentry"],"aioseo_notices":[],"yoast_head":"<!-- This site is optimized with the Yoast SEO plugin v27.3 - https:\/\/yoast.com\/product\/yoast-seo-wordpress\/ -->\n<title>O nama - www.ksan.me<\/title>\n<meta name=\"robots\" content=\"index, follow, max-snippet:-1, max-image-preview:large, max-video-preview:-1\" \/>\n<link rel=\"canonical\" href=\"https:\/\/ksan.me\/?page_id=31\" \/>\n<meta property=\"og:locale\" content=\"en_US\" \/>\n<meta property=\"og:type\" content=\"article\" \/>\n<meta property=\"og:title\" content=\"O nama - www.ksan.me\" \/>\n<meta property=\"og:description\" content=\"o NAMA Mladi, \u017eelja i ambicija! NVU Korak sa naukom osnovana je 2020.godine od strane studenata, prije svega prijatelja, koji \u017eele da isprave ono \u0161to tokom svog \u0161kolovanja nisu imali i pobolj\u0161aju uslove za vannastavno u\u010denje nadolaze\u0107im generacijama generacija. Nevladino udru\u017eenje \u201cKorak sa naukom\u201d je registrovano nevladino udru\u017eenje, osnovano 15.05.2020.godine. Cilj na\u0161e organizacije je popularizacija &hellip; O nama Read More &raquo;\" \/>\n<meta property=\"og:url\" content=\"https:\/\/ksan.me\/?page_id=31\" \/>\n<meta property=\"og:site_name\" content=\"www.ksan.me\" \/>\n<meta property=\"article:modified_time\" content=\"2024-05-19T16:44:21+00:00\" \/>\n<meta name=\"twitter:card\" content=\"summary_large_image\" \/>\n<meta name=\"twitter:label1\" content=\"Est. reading time\" \/>\n\t<meta name=\"twitter:data1\" content=\"1 minute\" \/>\n<script type=\"application\/ld+json\" class=\"yoast-schema-graph\">{\"@context\":\"https:\\\/\\\/schema.org\",\"@graph\":[{\"@type\":\"WebPage\",\"@id\":\"https:\\\/\\\/ksan.me\\\/?page_id=31\",\"url\":\"https:\\\/\\\/ksan.me\\\/?page_id=31\",\"name\":\"O nama - www.ksan.me\",\"isPartOf\":{\"@id\":\"https:\\\/\\\/ksan.me\\\/#website\"},\"datePublished\":\"2020-04-13T11:18:52+00:00\",\"dateModified\":\"2024-05-19T16:44:21+00:00\",\"breadcrumb\":{\"@id\":\"https:\\\/\\\/ksan.me\\\/?page_id=31#breadcrumb\"},\"inLanguage\":\"en-US\",\"potentialAction\":[{\"@type\":\"ReadAction\",\"target\":[\"https:\\\/\\\/ksan.me\\\/?page_id=31\"]}]},{\"@type\":\"BreadcrumbList\",\"@id\":\"https:\\\/\\\/ksan.me\\\/?page_id=31#breadcrumb\",\"itemListElement\":[{\"@type\":\"ListItem\",\"position\":1,\"name\":\"Home\",\"item\":\"https:\\\/\\\/ksan.me\\\/\"},{\"@type\":\"ListItem\",\"position\":2,\"name\":\"O nama\"}]},{\"@type\":\"WebSite\",\"@id\":\"https:\\\/\\\/ksan.me\\\/#website\",\"url\":\"https:\\\/\\\/ksan.me\\\/\",\"name\":\"www.ksan.me\",\"description\":\"NVU Korak sa naukom\",\"publisher\":{\"@id\":\"https:\\\/\\\/ksan.me\\\/#organization\"},\"potentialAction\":[{\"@type\":\"SearchAction\",\"target\":{\"@type\":\"EntryPoint\",\"urlTemplate\":\"https:\\\/\\\/ksan.me\\\/?s={search_term_string}\"},\"query-input\":{\"@type\":\"PropertyValueSpecification\",\"valueRequired\":true,\"valueName\":\"search_term_string\"}}],\"inLanguage\":\"en-US\"},{\"@type\":\"Organization\",\"@id\":\"https:\\\/\\\/ksan.me\\\/#organization\",\"name\":\"www.ksan.me\",\"url\":\"https:\\\/\\\/ksan.me\\\/\",\"logo\":{\"@type\":\"ImageObject\",\"inLanguage\":\"en-US\",\"@id\":\"https:\\\/\\\/ksan.me\\\/#\\\/schema\\\/logo\\\/image\\\/\",\"url\":\"https:\\\/\\\/ksan.me\\\/wp-content\\\/uploads\\\/2022\\\/05\\\/cropped-KSAN-Logo-polo-majica-naprijed-.png\",\"contentUrl\":\"https:\\\/\\\/ksan.me\\\/wp-content\\\/uploads\\\/2022\\\/05\\\/cropped-KSAN-Logo-polo-majica-naprijed-.png\",\"width\":1333,\"height\":444,\"caption\":\"www.ksan.me\"},\"image\":{\"@id\":\"https:\\\/\\\/ksan.me\\\/#\\\/schema\\\/logo\\\/image\\\/\"}}]}<\/script>\n<!-- \/ Yoast SEO plugin. -->","yoast_head_json":{"title":"O nama - www.ksan.me","robots":{"index":"index","follow":"follow","max-snippet":"max-snippet:-1","max-image-preview":"max-image-preview:large","max-video-preview":"max-video-preview:-1"},"canonical":"https:\/\/ksan.me\/?page_id=31","og_locale":"en_US","og_type":"article","og_title":"O nama - www.ksan.me","og_description":"o NAMA Mladi, \u017eelja i ambicija! NVU Korak sa naukom osnovana je 2020.godine od strane studenata, prije svega prijatelja, koji \u017eele da isprave ono \u0161to tokom svog \u0161kolovanja nisu imali i pobolj\u0161aju uslove za vannastavno u\u010denje nadolaze\u0107im generacijama generacija. Nevladino udru\u017eenje \u201cKorak sa naukom\u201d je registrovano nevladino udru\u017eenje, osnovano 15.05.2020.godine. Cilj na\u0161e organizacije je popularizacija &hellip; O nama Read More &raquo;","og_url":"https:\/\/ksan.me\/?page_id=31","og_site_name":"www.ksan.me","article_modified_time":"2024-05-19T16:44:21+00:00","twitter_card":"summary_large_image","twitter_misc":{"Est. reading time":"1 minute"},"schema":{"@context":"https:\/\/schema.org","@graph":[{"@type":"WebPage","@id":"https:\/\/ksan.me\/?page_id=31","url":"https:\/\/ksan.me\/?page_id=31","name":"O nama - www.ksan.me","isPartOf":{"@id":"https:\/\/ksan.me\/#website"},"datePublished":"2020-04-13T11:18:52+00:00","dateModified":"2024-05-19T16:44:21+00:00","breadcrumb":{"@id":"https:\/\/ksan.me\/?page_id=31#breadcrumb"},"inLanguage":"en-US","potentialAction":[{"@type":"ReadAction","target":["https:\/\/ksan.me\/?page_id=31"]}]},{"@type":"BreadcrumbList","@id":"https:\/\/ksan.me\/?page_id=31#breadcrumb","itemListElement":[{"@type":"ListItem","position":1,"name":"Home","item":"https:\/\/ksan.me\/"},{"@type":"ListItem","position":2,"name":"O nama"}]},{"@type":"WebSite","@id":"https:\/\/ksan.me\/#website","url":"https:\/\/ksan.me\/","name":"www.ksan.me","description":"NVU Korak sa naukom","publisher":{"@id":"https:\/\/ksan.me\/#organization"},"potentialAction":[{"@type":"SearchAction","target":{"@type":"EntryPoint","urlTemplate":"https:\/\/ksan.me\/?s={search_term_string}"},"query-input":{"@type":"PropertyValueSpecification","valueRequired":true,"valueName":"search_term_string"}}],"inLanguage":"en-US"},{"@type":"Organization","@id":"https:\/\/ksan.me\/#organization","name":"www.ksan.me","url":"https:\/\/ksan.me\/","logo":{"@type":"ImageObject","inLanguage":"en-US","@id":"https:\/\/ksan.me\/#\/schema\/logo\/image\/","url":"https:\/\/ksan.me\/wp-content\/uploads\/2022\/05\/cropped-KSAN-Logo-polo-majica-naprijed-.png","contentUrl":"https:\/\/ksan.me\/wp-content\/uploads\/2022\/05\/cropped-KSAN-Logo-polo-majica-naprijed-.png","width":1333,"height":444,"caption":"www.ksan.me"},"image":{"@id":"https:\/\/ksan.me\/#\/schema\/logo\/image\/"}}]}},"_links":{"self":[{"href":"https:\/\/ksan.me\/index.php?rest_route=\/wp\/v2\/pages\/31","targetHints":{"allow":["GET"]}}],"collection":[{"href":"https:\/\/ksan.me\/index.php?rest_route=\/wp\/v2\/pages"}],"about":[{"href":"https:\/\/ksan.me\/index.php?rest_route=\/wp\/v2\/types\/page"}],"author":[{"embeddable":true,"href":"https:\/\/ksan.me\/index.php?rest_route=\/wp\/v2\/users\/1"}],"replies":[{"embeddable":true,"href":"https:\/\/ksan.me\/index.php?rest_route=%2Fwp%2Fv2%2Fcomments&post=31"}],"version-history":[{"count":26,"href":"https:\/\/ksan.me\/index.php?rest_route=\/wp\/v2\/pages\/31\/revisions"}],"predecessor-version":[{"id":2335,"href":"https:\/\/ksan.me\/index.php?rest_route=\/wp\/v2\/pages\/31\/revisions\/2335"}],"wp:attachment":[{"href":"https:\/\/ksan.me\/index.php?rest_route=%2Fwp%2Fv2%2Fmedia&parent=31"}],"curies":[{"name":"wp","href":"https:\/\/api.w.org\/{rel}","templated":true}]}}