{"id":341,"date":"2022-05-06T20:26:06","date_gmt":"2022-05-06T20:26:06","guid":{"rendered":"http:\/\/ksan.me\/?page_id=341"},"modified":"2024-05-20T17:58:30","modified_gmt":"2024-05-20T17:58:30","slug":"inzenjerska-skola","status":"publish","type":"page","link":"https:\/\/ksan.me\/?page_id=341","title":{"rendered":"In\u017eenjerska \u0161kola"},"content":{"rendered":"\t\t<div data-elementor-type=\"wp-page\" data-elementor-id=\"341\" class=\"elementor elementor-341\">\n\t\t\t\t\t\t<section class=\"elementor-section elementor-top-section elementor-element elementor-element-31463c1 elementor-section-boxed elementor-section-height-default elementor-section-height-default\" data-id=\"31463c1\" data-element_type=\"section\" data-e-type=\"section\">\n\t\t\t\t\t\t<div class=\"elementor-container elementor-column-gap-default\">\n\t\t\t\t\t<div class=\"elementor-column elementor-col-100 elementor-top-column elementor-element elementor-element-b39a0ad\" data-id=\"b39a0ad\" data-element_type=\"column\" data-e-type=\"column\">\n\t\t\t<div class=\"elementor-widget-wrap elementor-element-populated\">\n\t\t\t\t\t\t<div class=\"elementor-element elementor-element-039c470 elementor-widget elementor-widget-heading\" data-id=\"039c470\" data-element_type=\"widget\" data-e-type=\"widget\" data-widget_type=\"heading.default\">\n\t\t\t\t<div class=\"elementor-widget-container\">\n\t\t\t\t\t<h1 class=\"elementor-heading-title elementor-size-default\">Projekat - In\u017eenjerska \u0161kola nauke!<\/h1>\t\t\t\t<\/div>\n\t\t\t\t<\/div>\n\t\t\t\t\t<\/div>\n\t\t<\/div>\n\t\t\t\t\t<\/div>\n\t\t<\/section>\n\t\t\t\t<section class=\"elementor-section elementor-top-section elementor-element elementor-element-e0c8b13 elementor-section-boxed elementor-section-height-default elementor-section-height-default\" data-id=\"e0c8b13\" data-element_type=\"section\" data-e-type=\"section\">\n\t\t\t\t\t\t<div class=\"elementor-container elementor-column-gap-default\">\n\t\t\t\t\t<div class=\"elementor-column elementor-col-100 elementor-top-column elementor-element elementor-element-fe807c6\" data-id=\"fe807c6\" data-element_type=\"column\" data-e-type=\"column\">\n\t\t\t<div class=\"elementor-widget-wrap elementor-element-populated\">\n\t\t\t\t\t\t<section class=\"elementor-section elementor-inner-section elementor-element elementor-element-5d87909 elementor-section-boxed elementor-section-height-default elementor-section-height-default\" data-id=\"5d87909\" data-element_type=\"section\" data-e-type=\"section\">\n\t\t\t\t\t\t<div class=\"elementor-container elementor-column-gap-default\">\n\t\t\t\t\t<div class=\"elementor-column elementor-col-100 elementor-inner-column elementor-element elementor-element-3326222\" data-id=\"3326222\" data-element_type=\"column\" data-e-type=\"column\">\n\t\t\t<div class=\"elementor-widget-wrap elementor-element-populated\">\n\t\t\t\t\t\t<div class=\"elementor-element elementor-element-eed61c9 elementor-widget elementor-widget-heading\" data-id=\"eed61c9\" data-element_type=\"widget\" data-e-type=\"widget\" data-widget_type=\"heading.default\">\n\t\t\t\t<div class=\"elementor-widget-container\">\n\t\t\t\t\t<span class=\"elementor-heading-title elementor-size-default\">Inzenjerska skola nauke je projekat NVO Korak sa naukom koja se ove godine realizuje po tre\u0107i put. Ova \u0161kola okuplja mlade entuzijaste, ambiciozne ljude sa prostora Crne Gore a sve to sa ciljem popularizacije in\u017eenjerskih nauka me\u0111u osnovcima i srednjo\u0161kolcima.\n\nProteklih godina, In\u017eenjerska \u0161kola nauke privukla je pa\u017enju publici \u0161irom Crne Gore. Razlog za to, bez skromnosti, jeste fenomenalna organizacija, sjajni mladi ljudi i fenomenalni predava\u010di sa na\u0161ih ali i Evropskih Univerziteta!\n<br><br>S ponosom mo\u017eemo ista\u0107i da ovaj projekat ve\u0107 pet godina godine uzastopno podr\u017eavaju najve\u0107i privredni subjekti iz Crne Gore kao i ugledna i po\u0161tovana fizi\u010dka lica, zna\u010dajna u na\u0161oj dr\u017eavi.\n<\/span>\t\t\t\t<\/div>\n\t\t\t\t<\/div>\n\t\t\t\t\t<\/div>\n\t\t<\/div>\n\t\t\t\t\t<\/div>\n\t\t<\/section>\n\t\t\t\t\t<\/div>\n\t\t<\/div>\n\t\t\t\t\t<\/div>\n\t\t<\/section>\n\t\t\t\t<section class=\"elementor-section elementor-top-section elementor-element elementor-element-b343cd8 elementor-section-boxed elementor-section-height-default elementor-section-height-default\" data-id=\"b343cd8\" data-element_type=\"section\" data-e-type=\"section\">\n\t\t\t\t\t\t<div class=\"elementor-container elementor-column-gap-default\">\n\t\t\t\t\t<div class=\"elementor-column elementor-col-100 elementor-top-column elementor-element elementor-element-1c5dd44\" data-id=\"1c5dd44\" data-element_type=\"column\" data-e-type=\"column\">\n\t\t\t<div class=\"elementor-widget-wrap elementor-element-populated\">\n\t\t\t\t\t\t<div class=\"elementor-element elementor-element-4e72e10 elementor-widget elementor-widget-spacer\" data-id=\"4e72e10\" data-element_type=\"widget\" data-e-type=\"widget\" data-widget_type=\"spacer.default\">\n\t\t\t\t<div class=\"elementor-widget-container\">\n\t\t\t\t\t\t\t<div class=\"elementor-spacer\">\n\t\t\t<div class=\"elementor-spacer-inner\"><\/div>\n\t\t<\/div>\n\t\t\t\t\t\t<\/div>\n\t\t\t\t<\/div>\n\t\t\t\t\t<\/div>\n\t\t<\/div>\n\t\t\t\t\t<\/div>\n\t\t<\/section>\n\t\t\t\t<section class=\"elementor-section elementor-top-section elementor-element elementor-element-d452014 elementor-section-boxed elementor-section-height-default elementor-section-height-default\" data-id=\"d452014\" data-element_type=\"section\" data-e-type=\"section\">\n\t\t\t\t\t\t<div class=\"elementor-container elementor-column-gap-default\">\n\t\t\t\t\t<div class=\"elementor-column elementor-col-100 elementor-top-column elementor-element elementor-element-750f742\" data-id=\"750f742\" data-element_type=\"column\" data-e-type=\"column\">\n\t\t\t<div class=\"elementor-widget-wrap elementor-element-populated\">\n\t\t\t\t\t\t<div class=\"elementor-element elementor-element-5702099 elementor-align-center elementor-widget elementor-widget-button\" data-id=\"5702099\" data-element_type=\"widget\" data-e-type=\"widget\" data-widget_type=\"button.default\">\n\t\t\t\t<div class=\"elementor-widget-container\">\n\t\t\t\t\t\t\t\t\t<div class=\"elementor-button-wrapper\">\n\t\t\t\t\t<a class=\"elementor-button elementor-button-link elementor-size-sm\" href=\"https:\/\/ksan.me\/?p=2448\">\n\t\t\t\t\t\t<span class=\"elementor-button-content-wrapper\">\n\t\t\t\t\t\t\t\t\t<span class=\"elementor-button-text\">In\u017eenjerska \u0161kola nauke IV<\/span>\n\t\t\t\t\t<\/span>\n\t\t\t\t\t<\/a>\n\t\t\t\t<\/div>\n\t\t\t\t\t\t\t\t<\/div>\n\t\t\t\t<\/div>\n\t\t\t\t<div class=\"elementor-element elementor-element-242d9cf elementor-align-center elementor-widget elementor-widget-button\" data-id=\"242d9cf\" data-element_type=\"widget\" data-e-type=\"widget\" data-widget_type=\"button.default\">\n\t\t\t\t<div class=\"elementor-widget-container\">\n\t\t\t\t\t\t\t\t\t<div class=\"elementor-button-wrapper\">\n\t\t\t\t\t<a class=\"elementor-button elementor-button-link elementor-size-sm\" href=\"https:\/\/ksan.me\/?p=2462\">\n\t\t\t\t\t\t<span class=\"elementor-button-content-wrapper\">\n\t\t\t\t\t\t\t\t\t<span class=\"elementor-button-text\">In\u017eenjerska \u0161kola nauke III<\/span>\n\t\t\t\t\t<\/span>\n\t\t\t\t\t<\/a>\n\t\t\t\t<\/div>\n\t\t\t\t\t\t\t\t<\/div>\n\t\t\t\t<\/div>\n\t\t\t\t<div class=\"elementor-element elementor-element-52940ee elementor-align-center elementor-widget elementor-widget-button\" data-id=\"52940ee\" data-element_type=\"widget\" data-e-type=\"widget\" data-widget_type=\"button.default\">\n\t\t\t\t<div class=\"elementor-widget-container\">\n\t\t\t\t\t\t\t\t\t<div class=\"elementor-button-wrapper\">\n\t\t\t\t\t<a class=\"elementor-button elementor-button-link elementor-size-sm\" href=\"https:\/\/ksan.me\/?page_id=464\">\n\t\t\t\t\t\t<span class=\"elementor-button-content-wrapper\">\n\t\t\t\t\t\t\t\t\t<span class=\"elementor-button-text\">In\u017eenjerska \u0161kola nauke II<\/span>\n\t\t\t\t\t<\/span>\n\t\t\t\t\t<\/a>\n\t\t\t\t<\/div>\n\t\t\t\t\t\t\t\t<\/div>\n\t\t\t\t<\/div>\n\t\t\t\t\t<\/div>\n\t\t<\/div>\n\t\t\t\t\t<\/div>\n\t\t<\/section>\n\t\t\t\t<section class=\"elementor-section elementor-top-section elementor-element elementor-element-114c416 elementor-section-boxed elementor-section-height-default elementor-section-height-default\" data-id=\"114c416\" data-element_type=\"section\" data-e-type=\"section\">\n\t\t\t\t\t\t<div class=\"elementor-container elementor-column-gap-default\">\n\t\t\t\t\t<div class=\"elementor-column elementor-col-100 elementor-top-column elementor-element elementor-element-c2b80ca\" data-id=\"c2b80ca\" data-element_type=\"column\" data-e-type=\"column\">\n\t\t\t<div class=\"elementor-widget-wrap elementor-element-populated\">\n\t\t\t\t\t\t<div class=\"elementor-element elementor-element-b775dad elementor-align-center elementor-widget elementor-widget-button\" data-id=\"b775dad\" data-element_type=\"widget\" data-e-type=\"widget\" data-widget_type=\"button.default\">\n\t\t\t\t<div class=\"elementor-widget-container\">\n\t\t\t\t\t\t\t\t\t<div class=\"elementor-button-wrapper\">\n\t\t\t\t\t<a class=\"elementor-button elementor-button-link elementor-size-sm\" href=\"https:\/\/ksan.me\/?page_id=441\">\n\t\t\t\t\t\t<span class=\"elementor-button-content-wrapper\">\n\t\t\t\t\t\t\t\t\t<span class=\"elementor-button-text\">In\u017eenjerska \u0161kola nauke I<\/span>\n\t\t\t\t\t<\/span>\n\t\t\t\t\t<\/a>\n\t\t\t\t<\/div>\n\t\t\t\t\t\t\t\t<\/div>\n\t\t\t\t<\/div>\n\t\t\t\t<div class=\"elementor-element elementor-element-8b1e2de elementor-widget elementor-widget-spacer\" data-id=\"8b1e2de\" data-element_type=\"widget\" data-e-type=\"widget\" data-widget_type=\"spacer.default\">\n\t\t\t\t<div class=\"elementor-widget-container\">\n\t\t\t\t\t\t\t<div class=\"elementor-spacer\">\n\t\t\t<div class=\"elementor-spacer-inner\"><\/div>\n\t\t<\/div>\n\t\t\t\t\t\t<\/div>\n\t\t\t\t<\/div>\n\t\t\t\t\t<\/div>\n\t\t<\/div>\n\t\t\t\t\t<\/div>\n\t\t<\/section>\n\t\t\t\t<\/div>\n\t\t","protected":false},"excerpt":{"rendered":"<p>Projekat &#8211; In\u017eenjerska \u0161kola nauke! Inzenjerska skola nauke je projekat NVO Korak sa naukom koja se ove godine realizuje po tre\u0107i put. Ova \u0161kola okuplja mlade entuzijaste, ambiciozne ljude sa prostora Crne Gore a sve to sa ciljem popularizacije in\u017eenjerskih nauka me\u0111u osnovcima i srednjo\u0161kolcima. Proteklih godina, In\u017eenjerska \u0161kola nauke privukla je pa\u017enju publici \u0161irom &hellip;<\/p>\n<p class=\"read-more\"> <a class=\"\" href=\"https:\/\/ksan.me\/?page_id=341\"> <span class=\"screen-reader-text\">In\u017eenjerska \u0161kola<\/span> Read More &raquo;<\/a><\/p>\n","protected":false},"author":1,"featured_media":0,"parent":0,"menu_order":0,"comment_status":"closed","ping_status":"closed","template":"","meta":{"om_disable_all_campaigns":false,"_monsterinsights_skip_tracking":false,"_monsterinsights_sitenote_active":false,"_monsterinsights_sitenote_note":"","_monsterinsights_sitenote_category":0,"site-sidebar-layout":"no-sidebar","site-content-layout":"page-builder","ast-main-header-display":"","ast-hfb-above-header-display":"","ast-hfb-below-header-display":"","ast-hfb-mobile-header-display":"","site-post-title":"disabled","ast-breadcrumbs-content":"","ast-featured-img":"disabled","footer-sml-layout":"","theme-transparent-header-meta":"","adv-header-id-meta":"","stick-header-meta":"","header-above-stick-meta":"","header-main-stick-meta":"","header-below-stick-meta":"","footnotes":""},"class_list":["post-341","page","type-page","status-publish","hentry"],"aioseo_notices":[],"yoast_head":"<!-- This site is optimized with the Yoast SEO plugin v27.3 - https:\/\/yoast.com\/product\/yoast-seo-wordpress\/ -->\n<title>In\u017eenjerska \u0161kola - www.ksan.me<\/title>\n<meta name=\"robots\" content=\"index, follow, max-snippet:-1, max-image-preview:large, max-video-preview:-1\" \/>\n<link rel=\"canonical\" href=\"https:\/\/ksan.me\/?page_id=341\" \/>\n<meta property=\"og:locale\" content=\"en_US\" \/>\n<meta property=\"og:type\" content=\"article\" \/>\n<meta property=\"og:title\" content=\"In\u017eenjerska \u0161kola - www.ksan.me\" \/>\n<meta property=\"og:description\" content=\"Projekat &#8211; In\u017eenjerska \u0161kola nauke! Inzenjerska skola nauke je projekat NVO Korak sa naukom koja se ove godine realizuje po tre\u0107i put. Ova \u0161kola okuplja mlade entuzijaste, ambiciozne ljude sa prostora Crne Gore a sve to sa ciljem popularizacije in\u017eenjerskih nauka me\u0111u osnovcima i srednjo\u0161kolcima. Proteklih godina, In\u017eenjerska \u0161kola nauke privukla je pa\u017enju publici \u0161irom &hellip; In\u017eenjerska \u0161kola Read More &raquo;\" \/>\n<meta property=\"og:url\" content=\"https:\/\/ksan.me\/?page_id=341\" \/>\n<meta property=\"og:site_name\" content=\"www.ksan.me\" \/>\n<meta property=\"article:modified_time\" content=\"2024-05-20T17:58:30+00:00\" \/>\n<meta name=\"twitter:card\" content=\"summary_large_image\" \/>\n<meta name=\"twitter:label1\" content=\"Est. reading time\" \/>\n\t<meta name=\"twitter:data1\" content=\"1 minute\" \/>\n<script type=\"application\/ld+json\" class=\"yoast-schema-graph\">{\"@context\":\"https:\\\/\\\/schema.org\",\"@graph\":[{\"@type\":\"WebPage\",\"@id\":\"https:\\\/\\\/ksan.me\\\/?page_id=341\",\"url\":\"https:\\\/\\\/ksan.me\\\/?page_id=341\",\"name\":\"In\u017eenjerska \u0161kola - www.ksan.me\",\"isPartOf\":{\"@id\":\"https:\\\/\\\/ksan.me\\\/#website\"},\"datePublished\":\"2022-05-06T20:26:06+00:00\",\"dateModified\":\"2024-05-20T17:58:30+00:00\",\"breadcrumb\":{\"@id\":\"https:\\\/\\\/ksan.me\\\/?page_id=341#breadcrumb\"},\"inLanguage\":\"en-US\",\"potentialAction\":[{\"@type\":\"ReadAction\",\"target\":[\"https:\\\/\\\/ksan.me\\\/?page_id=341\"]}]},{\"@type\":\"BreadcrumbList\",\"@id\":\"https:\\\/\\\/ksan.me\\\/?page_id=341#breadcrumb\",\"itemListElement\":[{\"@type\":\"ListItem\",\"position\":1,\"name\":\"Home\",\"item\":\"https:\\\/\\\/ksan.me\\\/\"},{\"@type\":\"ListItem\",\"position\":2,\"name\":\"In\u017eenjerska \u0161kola\"}]},{\"@type\":\"WebSite\",\"@id\":\"https:\\\/\\\/ksan.me\\\/#website\",\"url\":\"https:\\\/\\\/ksan.me\\\/\",\"name\":\"www.ksan.me\",\"description\":\"NVU Korak sa naukom\",\"publisher\":{\"@id\":\"https:\\\/\\\/ksan.me\\\/#organization\"},\"potentialAction\":[{\"@type\":\"SearchAction\",\"target\":{\"@type\":\"EntryPoint\",\"urlTemplate\":\"https:\\\/\\\/ksan.me\\\/?s={search_term_string}\"},\"query-input\":{\"@type\":\"PropertyValueSpecification\",\"valueRequired\":true,\"valueName\":\"search_term_string\"}}],\"inLanguage\":\"en-US\"},{\"@type\":\"Organization\",\"@id\":\"https:\\\/\\\/ksan.me\\\/#organization\",\"name\":\"www.ksan.me\",\"url\":\"https:\\\/\\\/ksan.me\\\/\",\"logo\":{\"@type\":\"ImageObject\",\"inLanguage\":\"en-US\",\"@id\":\"https:\\\/\\\/ksan.me\\\/#\\\/schema\\\/logo\\\/image\\\/\",\"url\":\"https:\\\/\\\/ksan.me\\\/wp-content\\\/uploads\\\/2022\\\/05\\\/cropped-KSAN-Logo-polo-majica-naprijed-.png\",\"contentUrl\":\"https:\\\/\\\/ksan.me\\\/wp-content\\\/uploads\\\/2022\\\/05\\\/cropped-KSAN-Logo-polo-majica-naprijed-.png\",\"width\":1333,\"height\":444,\"caption\":\"www.ksan.me\"},\"image\":{\"@id\":\"https:\\\/\\\/ksan.me\\\/#\\\/schema\\\/logo\\\/image\\\/\"}}]}<\/script>\n<!-- \/ Yoast SEO plugin. -->","yoast_head_json":{"title":"In\u017eenjerska \u0161kola - www.ksan.me","robots":{"index":"index","follow":"follow","max-snippet":"max-snippet:-1","max-image-preview":"max-image-preview:large","max-video-preview":"max-video-preview:-1"},"canonical":"https:\/\/ksan.me\/?page_id=341","og_locale":"en_US","og_type":"article","og_title":"In\u017eenjerska \u0161kola - www.ksan.me","og_description":"Projekat &#8211; In\u017eenjerska \u0161kola nauke! Inzenjerska skola nauke je projekat NVO Korak sa naukom koja se ove godine realizuje po tre\u0107i put. Ova \u0161kola okuplja mlade entuzijaste, ambiciozne ljude sa prostora Crne Gore a sve to sa ciljem popularizacije in\u017eenjerskih nauka me\u0111u osnovcima i srednjo\u0161kolcima. Proteklih godina, In\u017eenjerska \u0161kola nauke privukla je pa\u017enju publici \u0161irom &hellip; In\u017eenjerska \u0161kola Read More &raquo;","og_url":"https:\/\/ksan.me\/?page_id=341","og_site_name":"www.ksan.me","article_modified_time":"2024-05-20T17:58:30+00:00","twitter_card":"summary_large_image","twitter_misc":{"Est. reading time":"1 minute"},"schema":{"@context":"https:\/\/schema.org","@graph":[{"@type":"WebPage","@id":"https:\/\/ksan.me\/?page_id=341","url":"https:\/\/ksan.me\/?page_id=341","name":"In\u017eenjerska \u0161kola - www.ksan.me","isPartOf":{"@id":"https:\/\/ksan.me\/#website"},"datePublished":"2022-05-06T20:26:06+00:00","dateModified":"2024-05-20T17:58:30+00:00","breadcrumb":{"@id":"https:\/\/ksan.me\/?page_id=341#breadcrumb"},"inLanguage":"en-US","potentialAction":[{"@type":"ReadAction","target":["https:\/\/ksan.me\/?page_id=341"]}]},{"@type":"BreadcrumbList","@id":"https:\/\/ksan.me\/?page_id=341#breadcrumb","itemListElement":[{"@type":"ListItem","position":1,"name":"Home","item":"https:\/\/ksan.me\/"},{"@type":"ListItem","position":2,"name":"In\u017eenjerska \u0161kola"}]},{"@type":"WebSite","@id":"https:\/\/ksan.me\/#website","url":"https:\/\/ksan.me\/","name":"www.ksan.me","description":"NVU Korak sa naukom","publisher":{"@id":"https:\/\/ksan.me\/#organization"},"potentialAction":[{"@type":"SearchAction","target":{"@type":"EntryPoint","urlTemplate":"https:\/\/ksan.me\/?s={search_term_string}"},"query-input":{"@type":"PropertyValueSpecification","valueRequired":true,"valueName":"search_term_string"}}],"inLanguage":"en-US"},{"@type":"Organization","@id":"https:\/\/ksan.me\/#organization","name":"www.ksan.me","url":"https:\/\/ksan.me\/","logo":{"@type":"ImageObject","inLanguage":"en-US","@id":"https:\/\/ksan.me\/#\/schema\/logo\/image\/","url":"https:\/\/ksan.me\/wp-content\/uploads\/2022\/05\/cropped-KSAN-Logo-polo-majica-naprijed-.png","contentUrl":"https:\/\/ksan.me\/wp-content\/uploads\/2022\/05\/cropped-KSAN-Logo-polo-majica-naprijed-.png","width":1333,"height":444,"caption":"www.ksan.me"},"image":{"@id":"https:\/\/ksan.me\/#\/schema\/logo\/image\/"}}]}},"_links":{"self":[{"href":"https:\/\/ksan.me\/index.php?rest_route=\/wp\/v2\/pages\/341","targetHints":{"allow":["GET"]}}],"collection":[{"href":"https:\/\/ksan.me\/index.php?rest_route=\/wp\/v2\/pages"}],"about":[{"href":"https:\/\/ksan.me\/index.php?rest_route=\/wp\/v2\/types\/page"}],"author":[{"embeddable":true,"href":"https:\/\/ksan.me\/index.php?rest_route=\/wp\/v2\/users\/1"}],"replies":[{"embeddable":true,"href":"https:\/\/ksan.me\/index.php?rest_route=%2Fwp%2Fv2%2Fcomments&post=341"}],"version-history":[{"count":19,"href":"https:\/\/ksan.me\/index.php?rest_route=\/wp\/v2\/pages\/341\/revisions"}],"predecessor-version":[{"id":2512,"href":"https:\/\/ksan.me\/index.php?rest_route=\/wp\/v2\/pages\/341\/revisions\/2512"}],"wp:attachment":[{"href":"https:\/\/ksan.me\/index.php?rest_route=%2Fwp%2Fv2%2Fmedia&parent=341"}],"curies":[{"name":"wp","href":"https:\/\/api.w.org\/{rel}","templated":true}]}}