{"id":464,"date":"2022-05-26T18:35:41","date_gmt":"2022-05-26T18:35:41","guid":{"rendered":"https:\/\/ksan.me\/?page_id=464"},"modified":"2022-05-30T19:46:40","modified_gmt":"2022-05-30T19:46:40","slug":"inzenjerska-skola-nauke-ii","status":"publish","type":"page","link":"https:\/\/ksan.me\/?page_id=464","title":{"rendered":"in\u017eenjerska \u0161kola nauke II"},"content":{"rendered":"\n<div class=\"wp-block-cover alignfull is-light\" style=\"min-height:380px;aspect-ratio:unset;\"><span aria-hidden=\"true\" class=\"has-ast-global-color-1-background-color has-background-dim-0 wp-block-cover__gradient-background has-background-dim\"><\/span><img fetchpriority=\"high\" decoding=\"async\" width=\"2560\" height=\"1585\" class=\"wp-block-cover__image-background wp-image-472\" alt=\"\" src=\"https:\/\/ksan.me\/wp-content\/uploads\/2022\/05\/DSC_1091-2-scaled.jpg\" style=\"object-position:77% 65%\" data-object-fit=\"cover\" data-object-position=\"77% 65%\" srcset=\"https:\/\/ksan.me\/wp-content\/uploads\/2022\/05\/DSC_1091-2-scaled.jpg 2560w, https:\/\/ksan.me\/wp-content\/uploads\/2022\/05\/DSC_1091-2-300x186.jpg 300w, https:\/\/ksan.me\/wp-content\/uploads\/2022\/05\/DSC_1091-2-1024x634.jpg 1024w, https:\/\/ksan.me\/wp-content\/uploads\/2022\/05\/DSC_1091-2-768x476.jpg 768w, https:\/\/ksan.me\/wp-content\/uploads\/2022\/05\/DSC_1091-2-1536x951.jpg 1536w, https:\/\/ksan.me\/wp-content\/uploads\/2022\/05\/DSC_1091-2-2048x1268.jpg 2048w\" sizes=\"(max-width: 2560px) 100vw, 2560px\" \/><div class=\"wp-block-cover__inner-container is-layout-flow wp-block-cover-is-layout-flow\">\n<p><\/p>\n<\/div><\/div>\n\n\n\n<div class=\"wp-block-group alignfull has-ast-global-color-5-background-color has-background is-layout-constrained wp-block-group-is-layout-constrained\"><div class=\"wp-block-group__inner-container\">\n<div class=\"wp-block-media-text alignwide has-media-on-the-right is-stacked-on-mobile is-image-fill\"><figure class=\"wp-block-media-text__media\" style=\"background-image:url(https:\/\/ksan.me\/wp-content\/uploads\/2022\/05\/DSC_0710-1024x683.jpg);background-position:50% 50%\"><img decoding=\"async\" width=\"1024\" height=\"683\" src=\"https:\/\/ksan.me\/wp-content\/uploads\/2022\/05\/DSC_0710-1024x683.jpg\" alt=\"\" class=\"wp-image-474 size-full\" srcset=\"https:\/\/ksan.me\/wp-content\/uploads\/2022\/05\/DSC_0710-1024x683.jpg 1024w, https:\/\/ksan.me\/wp-content\/uploads\/2022\/05\/DSC_0710-300x200.jpg 300w, https:\/\/ksan.me\/wp-content\/uploads\/2022\/05\/DSC_0710-768x512.jpg 768w, https:\/\/ksan.me\/wp-content\/uploads\/2022\/05\/DSC_0710-1536x1024.jpg 1536w, https:\/\/ksan.me\/wp-content\/uploads\/2022\/05\/DSC_0710-2048x1365.jpg 2048w\" sizes=\"(max-width: 1024px) 100vw, 1024px\" \/><\/figure><div class=\"wp-block-media-text__content\">\n<p class=\"has-text-align-left\">Kamp za srednjo\u0161kolce iz Crne Gore \u2013 \u201cLjetnja in\u017eenjerska \u0161kola nauke 2\u201d odr\u017eao se od 5. do 11. jula, u Pljevljima. Sedmodnevni doga\u0111aj koji popularizuje i promovi\u0161e in\u017eenjerske nauke organizuje udru\u017eenje mladih Pljevljaka NVO \u201eKorak sa naukom\u201c koji za cilj imaju da realizacijom ovakvih doga\u0111aja pro\u0161ire nau\u010dni spektar u gradu koji va\u017ei za centar energetskog potencijala Crne Gore. U prostorijama Centra za kulturu i Ameri\u010dkog ugla, polaznici \u0107e imati priliku da prate predavanja i radionice, ali i da takmi\u010darski duh razvijaju kroz kvizove i ostala nadmetanja.<\/p>\n\n\n\n<div class=\"wp-block-buttons is-layout-flex wp-block-buttons-is-layout-flex\"><\/div>\n<\/div><\/div>\n<\/div><\/div>\n\n\n\n<div class=\"wp-block-group alignfull has-ast-global-color-5-background-color has-background is-layout-constrained wp-block-group-is-layout-constrained\"><div class=\"wp-block-group__inner-container\">\n<div class=\"wp-block-media-text alignwide is-stacked-on-mobile is-image-fill\"><figure class=\"wp-block-media-text__media\" style=\"background-image:url(https:\/\/ksan.me\/wp-content\/uploads\/2022\/05\/DSC_0772-1024x683.jpg);background-position:18% 4%\"><img decoding=\"async\" width=\"1024\" height=\"683\" src=\"https:\/\/ksan.me\/wp-content\/uploads\/2022\/05\/DSC_0772-1024x683.jpg\" alt=\"\" class=\"wp-image-483 size-full\" srcset=\"https:\/\/ksan.me\/wp-content\/uploads\/2022\/05\/DSC_0772-1024x683.jpg 1024w, https:\/\/ksan.me\/wp-content\/uploads\/2022\/05\/DSC_0772-300x200.jpg 300w, https:\/\/ksan.me\/wp-content\/uploads\/2022\/05\/DSC_0772-768x512.jpg 768w, https:\/\/ksan.me\/wp-content\/uploads\/2022\/05\/DSC_0772-1536x1024.jpg 1536w, https:\/\/ksan.me\/wp-content\/uploads\/2022\/05\/DSC_0772-2048x1365.jpg 2048w\" sizes=\"(max-width: 1024px) 100vw, 1024px\" \/><\/figure><div class=\"wp-block-media-text__content\">\n<p>Svoje znanje pro\u0161iri\u0107e iz oblasti energetike, elektronike, programiranja, 3D modelovanja, obnovljivih izvora energije, ma\u0161instva, dizajna, kreativnosti, a predavanja \u0107e dr\u017eati eminentni stru\u010dnjaci iz na\u0161e zemlje i inostranstva.<\/p>\n\n\n\n<p>Sve\u010danom otvaranju koje je odr\u017eano sino\u0107 prisustvovali su mnogobrojni predstavnici privrede grada, obrazovnih i drugih javnih ustanova, predava\u010di i polaznici \u0161kole.<\/p>\n\n\n\n<div class=\"wp-block-buttons is-layout-flex wp-block-buttons-is-layout-flex\"><\/div>\n<\/div><\/div>\n<\/div><\/div>\n\n\n\n<div class=\"wp-block-group alignfull has-ast-global-color-5-background-color has-background is-layout-constrained wp-block-group-is-layout-constrained\"><div class=\"wp-block-group__inner-container\">\n<div class=\"wp-block-media-text alignwide has-media-on-the-right is-stacked-on-mobile is-image-fill\"><figure class=\"wp-block-media-text__media\" style=\"background-image:url(https:\/\/ksan.me\/wp-content\/uploads\/2022\/05\/DSC_0269-1024x683.jpg);background-position:38% 61%\"><img loading=\"lazy\" decoding=\"async\" width=\"1024\" height=\"683\" src=\"https:\/\/ksan.me\/wp-content\/uploads\/2022\/05\/DSC_0269-1024x683.jpg\" alt=\"\" class=\"wp-image-484 size-full\" srcset=\"https:\/\/ksan.me\/wp-content\/uploads\/2022\/05\/DSC_0269-1024x683.jpg 1024w, https:\/\/ksan.me\/wp-content\/uploads\/2022\/05\/DSC_0269-300x200.jpg 300w, https:\/\/ksan.me\/wp-content\/uploads\/2022\/05\/DSC_0269-768x512.jpg 768w, https:\/\/ksan.me\/wp-content\/uploads\/2022\/05\/DSC_0269-1536x1024.jpg 1536w, https:\/\/ksan.me\/wp-content\/uploads\/2022\/05\/DSC_0269-2048x1365.jpg 2048w\" sizes=\"(max-width: 1024px) 100vw, 1024px\" \/><\/figure><div class=\"wp-block-media-text__content\">\n<p>I ove godine program je sastavljen tako da je pa\u017enja usmjerena i na prakti\u010dnu primjenu znanja, a za polaznike ljetnjeg kampa svakog dana bi\u0107e organizovan i po jedan izlet. U sklopu kampa bi\u0107e im predstavljen&nbsp; i sistem ameri\u010dkih srednjih \u0161kola, kao i kako je to studirati u Kini.<\/p>\n\n\n\n<div class=\"wp-block-buttons is-layout-flex wp-block-buttons-is-layout-flex\"><\/div>\n<\/div><\/div>\n\n\n\n<div class=\"wp-block-media-text alignwide is-stacked-on-mobile is-image-fill\"><figure class=\"wp-block-media-text__media\" style=\"background-image:url(https:\/\/ksan.me\/wp-content\/uploads\/2022\/05\/DSC_0536-1024x683.jpg);background-position:28.999999999999996% 91%\"><img loading=\"lazy\" decoding=\"async\" width=\"1024\" height=\"683\" src=\"https:\/\/ksan.me\/wp-content\/uploads\/2022\/05\/DSC_0536-1024x683.jpg\" alt=\"\" class=\"wp-image-482 size-full\" srcset=\"https:\/\/ksan.me\/wp-content\/uploads\/2022\/05\/DSC_0536-1024x683.jpg 1024w, https:\/\/ksan.me\/wp-content\/uploads\/2022\/05\/DSC_0536-300x200.jpg 300w, https:\/\/ksan.me\/wp-content\/uploads\/2022\/05\/DSC_0536-768x512.jpg 768w, https:\/\/ksan.me\/wp-content\/uploads\/2022\/05\/DSC_0536-1536x1024.jpg 1536w, https:\/\/ksan.me\/wp-content\/uploads\/2022\/05\/DSC_0536-2048x1365.jpg 2048w\" sizes=\"(max-width: 1024px) 100vw, 1024px\" \/><\/figure><div class=\"wp-block-media-text__content\">\n<p>Predsjednik Op\u0161tine Pljevlja Igor Golubovi\u0107 je zvani\u010dno otvorio \u0161kolu i poru\u010dio da se iz Pljevalja danas \u0161alje jasna poruka, poruka da su na\u0161i mladi lu\u010da na putu izlaska iz ovih te\u0161kih vremena, vremena neznanja, povr\u0161nosti, kratkovidosti i da se samo upornim radom i u\u010denjem mogu uspostaviti i u\u010dvrstiti temelji na kojima treba da gradimo bolje dru\u0161tvo u Crnoj Gori.<\/p>\n\n\n\n<div class=\"wp-block-buttons is-layout-flex wp-block-buttons-is-layout-flex\"><\/div>\n<\/div><\/div>\n\n\n\n<div class=\"wp-block-media-text alignwide has-media-on-the-right is-stacked-on-mobile is-image-fill\"><figure class=\"wp-block-media-text__media\" style=\"background-image:url(https:\/\/ksan.me\/wp-content\/uploads\/2022\/05\/DSC_0755-1024x683.jpg);background-position:50% 50%\"><img loading=\"lazy\" decoding=\"async\" width=\"1024\" height=\"683\" src=\"https:\/\/ksan.me\/wp-content\/uploads\/2022\/05\/DSC_0755-1024x683.jpg\" alt=\"\" class=\"wp-image-476 size-full\" srcset=\"https:\/\/ksan.me\/wp-content\/uploads\/2022\/05\/DSC_0755-1024x683.jpg 1024w, https:\/\/ksan.me\/wp-content\/uploads\/2022\/05\/DSC_0755-300x200.jpg 300w, https:\/\/ksan.me\/wp-content\/uploads\/2022\/05\/DSC_0755-768x512.jpg 768w, https:\/\/ksan.me\/wp-content\/uploads\/2022\/05\/DSC_0755-1536x1024.jpg 1536w, https:\/\/ksan.me\/wp-content\/uploads\/2022\/05\/DSC_0755-2048x1365.jpg 2048w\" sizes=\"(max-width: 1024px) 100vw, 1024px\" \/><\/figure><div class=\"wp-block-media-text__content\">\n<p>Milo\u0161 Jelovac predstavnik- &nbsp;NVO \u201cKorak sa naukom\u201d &nbsp;je predstavio ciljeve i program \u0161kole, Aleksandra Kikovi\u0107 menad\u017eerka programa u UNDP je istakla zna\u010daj spoja mladosti i kreativnosti sa jedne i ambiciozne i moderne lokalne uprave &nbsp;sa druge strane za odr\u017eivi razvoj grada. Uloga UNDP je da omogu\u0107i transfer znanja i tehnologija, kao i inovativnih alata kojima se podsti\u010de ve\u0107e u\u010de\u0161\u0107e mladih u planiranju i dono\u0161enju odluka, \u010dime preuzimaju i dio odgovornosti za svoju budu\u0107nost, sa \u017eeljom da se za \u017eivot i rad u Pljevljima tra\u017ei mjesto vi\u0161e.<\/p>\n\n\n\n<div class=\"wp-block-buttons is-layout-flex wp-block-buttons-is-layout-flex\"><\/div>\n<\/div><\/div>\n\n\n\n<div class=\"wp-block-media-text alignwide is-stacked-on-mobile is-image-fill\"><figure class=\"wp-block-media-text__media\" style=\"background-image:url(https:\/\/ksan.me\/wp-content\/uploads\/2022\/05\/DSC_0651-1024x683.jpg);background-position:39% 73%\"><img loading=\"lazy\" decoding=\"async\" width=\"1024\" height=\"683\" src=\"https:\/\/ksan.me\/wp-content\/uploads\/2022\/05\/DSC_0651-1024x683.jpg\" alt=\"\" class=\"wp-image-475 size-full\" srcset=\"https:\/\/ksan.me\/wp-content\/uploads\/2022\/05\/DSC_0651-1024x683.jpg 1024w, https:\/\/ksan.me\/wp-content\/uploads\/2022\/05\/DSC_0651-300x200.jpg 300w, https:\/\/ksan.me\/wp-content\/uploads\/2022\/05\/DSC_0651-768x512.jpg 768w, https:\/\/ksan.me\/wp-content\/uploads\/2022\/05\/DSC_0651-1536x1024.jpg 1536w, https:\/\/ksan.me\/wp-content\/uploads\/2022\/05\/DSC_0651-2048x1365.jpg 2048w\" sizes=\"(max-width: 1024px) 100vw, 1024px\" \/><\/figure><div class=\"wp-block-media-text__content\">\n<p>Direktor Nau\u010dnotehnolo\u0161kog parka \u2013 Velibor Bo\u0161kovi\u0107 je istakao neophodnost kori\u0161tenja potencijala mladih Pljevalja i umre\u017eavanje nauke i privrede, a profesorica sa Elektrotehni\u010dkog fakulteta Milena \u0110ukanovi\u0107, koja je ujedno i jedan od predava\u010da,&nbsp; potvrdila je posve\u0107enost i podr\u0161ku koju ta obrazovna institucija pru\u017ea ovakvim projektima.<\/p>\n\n\n\n<div class=\"wp-block-buttons is-layout-flex wp-block-buttons-is-layout-flex\"><\/div>\n<\/div><\/div>\n\n\n\n<div class=\"wp-block-media-text alignwide has-media-on-the-right is-stacked-on-mobile is-image-fill\"><figure class=\"wp-block-media-text__media\" style=\"background-image:url(https:\/\/ksan.me\/wp-content\/uploads\/2022\/05\/DSC_0586-1024x683.jpg);background-position:57.99999999999999% 57.99999999999999%\"><img loading=\"lazy\" decoding=\"async\" width=\"1024\" height=\"683\" src=\"https:\/\/ksan.me\/wp-content\/uploads\/2022\/05\/DSC_0586-1024x683.jpg\" alt=\"\" class=\"wp-image-473 size-full\" srcset=\"https:\/\/ksan.me\/wp-content\/uploads\/2022\/05\/DSC_0586-1024x683.jpg 1024w, https:\/\/ksan.me\/wp-content\/uploads\/2022\/05\/DSC_0586-300x200.jpg 300w, https:\/\/ksan.me\/wp-content\/uploads\/2022\/05\/DSC_0586-768x512.jpg 768w, https:\/\/ksan.me\/wp-content\/uploads\/2022\/05\/DSC_0586-1536x1024.jpg 1536w, https:\/\/ksan.me\/wp-content\/uploads\/2022\/05\/DSC_0586-2048x1365.jpg 2048w\" sizes=\"(max-width: 1024px) 100vw, 1024px\" \/><\/figure><div class=\"wp-block-media-text__content\">\n<p>Posljednji dan rezervisan je za takmi\u010denje gdje \u0107e biti izabran pobjedik kampa, a za najbolje su obzbije\u0111ene vrijedne nagrade.<\/p>\n\n\n\n<p>I ove godine program je sastavljen tako da je pa\u017enja usmjerena i na prakti\u010dnu primjenu znanja, a za polaznike ljetnjeg kampa svakog dana bi\u0107e organizovan i po jedan izlet. U sklopu kampa bi\u0107e im predstavljen&nbsp; i sistem ameri\u010dkih srednjih \u0161kola, kao i kako je to studirati u Kini.<\/p>\n\n\n\n<div class=\"wp-block-buttons is-layout-flex wp-block-buttons-is-layout-flex\"><\/div>\n<\/div><\/div>\n<\/div><\/div>\n\n\n\n<div class=\"wp-block-group alignfull has-ast-global-color-4-background-color has-background is-layout-constrained wp-block-group-is-layout-constrained\"><div class=\"wp-block-group__inner-container\">\n<p><\/p>\n<\/div><\/div>\n\n\n\n<figure class=\"wp-block-gallery has-nested-images columns-default is-cropped wp-block-gallery-1 is-layout-flex wp-block-gallery-is-layout-flex\">\n<figure class=\"wp-block-image\"><img decoding=\"async\" src=\"blob:https:\/\/ksan.me\/119a5300-244a-48cc-bb35-f79beacb54c2\" alt=\"\"\/><\/figure>\n\n\n\n<figure class=\"wp-block-image\"><img decoding=\"async\" src=\"blob:https:\/\/ksan.me\/7e10f68c-bfba-4d69-a02a-fca88a711480\" alt=\"\"\/><\/figure>\n\n\n\n<figure class=\"wp-block-image\"><img decoding=\"async\" src=\"blob:https:\/\/ksan.me\/b7de5adf-b1ff-4afe-abdd-4a39199db797\" alt=\"\"\/><\/figure>\n\n\n\n<figure class=\"wp-block-image\"><img decoding=\"async\" src=\"blob:https:\/\/ksan.me\/13b909ee-e94e-4993-8f8d-d6f73c6b43d9\" alt=\"\"\/><\/figure>\n\n\n\n<figure class=\"wp-block-image\"><img decoding=\"async\" src=\"blob:https:\/\/ksan.me\/2b486413-1a7a-42e7-944c-c87fb315f9ec\" alt=\"\"\/><\/figure>\n\n\n\n<figure class=\"wp-block-image\"><img decoding=\"async\" src=\"blob:https:\/\/ksan.me\/45edb5ec-0143-44df-a57b-772d530ce2f4\" alt=\"\"\/><\/figure>\n\n\n\n<figure class=\"wp-block-image\"><img decoding=\"async\" src=\"blob:https:\/\/ksan.me\/70a97582-735b-492f-b8c0-286f57693022\" alt=\"\"\/><\/figure>\n\n\n\n<figure class=\"wp-block-image\"><img decoding=\"async\" src=\"blob:https:\/\/ksan.me\/35b0639f-3893-4d8f-8c6c-cfca998c491b\" alt=\"\"\/><\/figure>\n\n\n\n<figure class=\"wp-block-image\"><img decoding=\"async\" src=\"blob:https:\/\/ksan.me\/60fc93be-4376-4e88-8d0e-5222a1b24f2a\" alt=\"\"\/><\/figure>\n\n\n\n<figure class=\"wp-block-image\"><img decoding=\"async\" src=\"blob:https:\/\/ksan.me\/6da288d6-cb4c-4ce2-ac7c-68af0bc74e09\" alt=\"\"\/><\/figure>\n\n\n\n<figure class=\"wp-block-image\"><img decoding=\"async\" src=\"blob:https:\/\/ksan.me\/dd480423-1b13-46a5-bb3e-086872db5a93\" alt=\"\"\/><\/figure>\n\n\n\n<figure class=\"wp-block-image\"><img decoding=\"async\" src=\"blob:https:\/\/ksan.me\/ff107a57-48f8-49a8-8ae0-64d498adc32d\" alt=\"\"\/><\/figure>\n\n\n\n<figure class=\"wp-block-image is-style-default\"><img decoding=\"async\" src=\"blob:https:\/\/ksan.me\/bedf491e-7b54-4132-867e-44971e5a36e3\" alt=\"\"\/><\/figure>\n<\/figure>\n","protected":false},"excerpt":{"rendered":"<p>Kamp za srednjo\u0161kolce iz Crne Gore \u2013 \u201cLjetnja in\u017eenjerska \u0161kola nauke 2\u201d odr\u017eao se od 5. do 11. jula, u Pljevljima. Sedmodnevni doga\u0111aj koji popularizuje i promovi\u0161e in\u017eenjerske nauke organizuje udru\u017eenje mladih Pljevljaka NVO \u201eKorak sa naukom\u201c koji za cilj imaju da realizacijom ovakvih doga\u0111aja pro\u0161ire nau\u010dni spektar u gradu koji va\u017ei za centar energetskog &hellip;<\/p>\n<p class=\"read-more\"> <a class=\"\" href=\"https:\/\/ksan.me\/?page_id=464\"> <span class=\"screen-reader-text\">in\u017eenjerska \u0161kola nauke II<\/span> Read More &raquo;<\/a><\/p>\n","protected":false},"author":1,"featured_media":0,"parent":0,"menu_order":0,"comment_status":"closed","ping_status":"closed","template":"","meta":{"om_disable_all_campaigns":false,"_monsterinsights_skip_tracking":false,"_monsterinsights_sitenote_active":false,"_monsterinsights_sitenote_note":"","_monsterinsights_sitenote_category":0,"site-sidebar-layout":"default","site-content-layout":"default","ast-main-header-display":"","ast-hfb-above-header-display":"","ast-hfb-below-header-display":"","ast-hfb-mobile-header-display":"","site-post-title":"","ast-breadcrumbs-content":"","ast-featured-img":"","footer-sml-layout":"","theme-transparent-header-meta":"","adv-header-id-meta":"","stick-header-meta":"","header-above-stick-meta":"","header-main-stick-meta":"","header-below-stick-meta":"","footnotes":""},"class_list":["post-464","page","type-page","status-publish","hentry"],"aioseo_notices":[],"yoast_head":"<!-- This site is optimized with the Yoast SEO plugin v27.3 - https:\/\/yoast.com\/product\/yoast-seo-wordpress\/ -->\n<title>in\u017eenjerska \u0161kola nauke II - www.ksan.me<\/title>\n<meta name=\"robots\" content=\"index, follow, max-snippet:-1, max-image-preview:large, max-video-preview:-1\" \/>\n<link rel=\"canonical\" href=\"https:\/\/ksan.me\/?page_id=464\" \/>\n<meta property=\"og:locale\" content=\"en_US\" \/>\n<meta property=\"og:type\" content=\"article\" \/>\n<meta property=\"og:title\" content=\"in\u017eenjerska \u0161kola nauke II - www.ksan.me\" \/>\n<meta property=\"og:description\" content=\"Kamp za srednjo\u0161kolce iz Crne Gore \u2013 \u201cLjetnja in\u017eenjerska \u0161kola nauke 2\u201d odr\u017eao se od 5. do 11. jula, u Pljevljima. Sedmodnevni doga\u0111aj koji popularizuje i promovi\u0161e in\u017eenjerske nauke organizuje udru\u017eenje mladih Pljevljaka NVO \u201eKorak sa naukom\u201c koji za cilj imaju da realizacijom ovakvih doga\u0111aja pro\u0161ire nau\u010dni spektar u gradu koji va\u017ei za centar energetskog &hellip; in\u017eenjerska \u0161kola nauke II Read More &raquo;\" \/>\n<meta property=\"og:url\" content=\"https:\/\/ksan.me\/?page_id=464\" \/>\n<meta property=\"og:site_name\" content=\"www.ksan.me\" \/>\n<meta property=\"article:modified_time\" content=\"2022-05-30T19:46:40+00:00\" \/>\n<meta property=\"og:image\" content=\"https:\/\/ksan.me\/wp-content\/uploads\/2022\/05\/DSC_1091-2-scaled.jpg\" \/>\n\t<meta property=\"og:image:width\" content=\"2560\" \/>\n\t<meta property=\"og:image:height\" content=\"1585\" \/>\n\t<meta property=\"og:image:type\" content=\"image\/jpeg\" \/>\n<meta name=\"twitter:card\" content=\"summary_large_image\" \/>\n<meta name=\"twitter:label1\" content=\"Est. reading time\" \/>\n\t<meta name=\"twitter:data1\" content=\"3 minutes\" \/>\n<script type=\"application\/ld+json\" class=\"yoast-schema-graph\">{\"@context\":\"https:\\\/\\\/schema.org\",\"@graph\":[{\"@type\":\"WebPage\",\"@id\":\"https:\\\/\\\/ksan.me\\\/?page_id=464\",\"url\":\"https:\\\/\\\/ksan.me\\\/?page_id=464\",\"name\":\"in\u017eenjerska \u0161kola nauke II - www.ksan.me\",\"isPartOf\":{\"@id\":\"https:\\\/\\\/ksan.me\\\/#website\"},\"primaryImageOfPage\":{\"@id\":\"https:\\\/\\\/ksan.me\\\/?page_id=464#primaryimage\"},\"image\":{\"@id\":\"https:\\\/\\\/ksan.me\\\/?page_id=464#primaryimage\"},\"thumbnailUrl\":\"https:\\\/\\\/ksan.me\\\/wp-content\\\/uploads\\\/2022\\\/05\\\/DSC_1091-2-scaled.jpg\",\"datePublished\":\"2022-05-26T18:35:41+00:00\",\"dateModified\":\"2022-05-30T19:46:40+00:00\",\"breadcrumb\":{\"@id\":\"https:\\\/\\\/ksan.me\\\/?page_id=464#breadcrumb\"},\"inLanguage\":\"en-US\",\"potentialAction\":[{\"@type\":\"ReadAction\",\"target\":[\"https:\\\/\\\/ksan.me\\\/?page_id=464\"]}]},{\"@type\":\"ImageObject\",\"inLanguage\":\"en-US\",\"@id\":\"https:\\\/\\\/ksan.me\\\/?page_id=464#primaryimage\",\"url\":\"https:\\\/\\\/ksan.me\\\/wp-content\\\/uploads\\\/2022\\\/05\\\/DSC_1091-2-scaled.jpg\",\"contentUrl\":\"https:\\\/\\\/ksan.me\\\/wp-content\\\/uploads\\\/2022\\\/05\\\/DSC_1091-2-scaled.jpg\",\"width\":2560,\"height\":1585},{\"@type\":\"BreadcrumbList\",\"@id\":\"https:\\\/\\\/ksan.me\\\/?page_id=464#breadcrumb\",\"itemListElement\":[{\"@type\":\"ListItem\",\"position\":1,\"name\":\"Home\",\"item\":\"https:\\\/\\\/ksan.me\\\/\"},{\"@type\":\"ListItem\",\"position\":2,\"name\":\"in\u017eenjerska \u0161kola nauke II\"}]},{\"@type\":\"WebSite\",\"@id\":\"https:\\\/\\\/ksan.me\\\/#website\",\"url\":\"https:\\\/\\\/ksan.me\\\/\",\"name\":\"www.ksan.me\",\"description\":\"NVU Korak sa naukom\",\"publisher\":{\"@id\":\"https:\\\/\\\/ksan.me\\\/#organization\"},\"potentialAction\":[{\"@type\":\"SearchAction\",\"target\":{\"@type\":\"EntryPoint\",\"urlTemplate\":\"https:\\\/\\\/ksan.me\\\/?s={search_term_string}\"},\"query-input\":{\"@type\":\"PropertyValueSpecification\",\"valueRequired\":true,\"valueName\":\"search_term_string\"}}],\"inLanguage\":\"en-US\"},{\"@type\":\"Organization\",\"@id\":\"https:\\\/\\\/ksan.me\\\/#organization\",\"name\":\"www.ksan.me\",\"url\":\"https:\\\/\\\/ksan.me\\\/\",\"logo\":{\"@type\":\"ImageObject\",\"inLanguage\":\"en-US\",\"@id\":\"https:\\\/\\\/ksan.me\\\/#\\\/schema\\\/logo\\\/image\\\/\",\"url\":\"https:\\\/\\\/ksan.me\\\/wp-content\\\/uploads\\\/2022\\\/05\\\/cropped-KSAN-Logo-polo-majica-naprijed-.png\",\"contentUrl\":\"https:\\\/\\\/ksan.me\\\/wp-content\\\/uploads\\\/2022\\\/05\\\/cropped-KSAN-Logo-polo-majica-naprijed-.png\",\"width\":1333,\"height\":444,\"caption\":\"www.ksan.me\"},\"image\":{\"@id\":\"https:\\\/\\\/ksan.me\\\/#\\\/schema\\\/logo\\\/image\\\/\"}}]}<\/script>\n<!-- \/ Yoast SEO plugin. -->","yoast_head_json":{"title":"in\u017eenjerska \u0161kola nauke II - www.ksan.me","robots":{"index":"index","follow":"follow","max-snippet":"max-snippet:-1","max-image-preview":"max-image-preview:large","max-video-preview":"max-video-preview:-1"},"canonical":"https:\/\/ksan.me\/?page_id=464","og_locale":"en_US","og_type":"article","og_title":"in\u017eenjerska \u0161kola nauke II - www.ksan.me","og_description":"Kamp za srednjo\u0161kolce iz Crne Gore \u2013 \u201cLjetnja in\u017eenjerska \u0161kola nauke 2\u201d odr\u017eao se od 5. do 11. jula, u Pljevljima. Sedmodnevni doga\u0111aj koji popularizuje i promovi\u0161e in\u017eenjerske nauke organizuje udru\u017eenje mladih Pljevljaka NVO \u201eKorak sa naukom\u201c koji za cilj imaju da realizacijom ovakvih doga\u0111aja pro\u0161ire nau\u010dni spektar u gradu koji va\u017ei za centar energetskog &hellip; in\u017eenjerska \u0161kola nauke II Read More &raquo;","og_url":"https:\/\/ksan.me\/?page_id=464","og_site_name":"www.ksan.me","article_modified_time":"2022-05-30T19:46:40+00:00","og_image":[{"width":2560,"height":1585,"url":"https:\/\/ksan.me\/wp-content\/uploads\/2022\/05\/DSC_1091-2-scaled.jpg","type":"image\/jpeg"}],"twitter_card":"summary_large_image","twitter_misc":{"Est. reading time":"3 minutes"},"schema":{"@context":"https:\/\/schema.org","@graph":[{"@type":"WebPage","@id":"https:\/\/ksan.me\/?page_id=464","url":"https:\/\/ksan.me\/?page_id=464","name":"in\u017eenjerska \u0161kola nauke II - www.ksan.me","isPartOf":{"@id":"https:\/\/ksan.me\/#website"},"primaryImageOfPage":{"@id":"https:\/\/ksan.me\/?page_id=464#primaryimage"},"image":{"@id":"https:\/\/ksan.me\/?page_id=464#primaryimage"},"thumbnailUrl":"https:\/\/ksan.me\/wp-content\/uploads\/2022\/05\/DSC_1091-2-scaled.jpg","datePublished":"2022-05-26T18:35:41+00:00","dateModified":"2022-05-30T19:46:40+00:00","breadcrumb":{"@id":"https:\/\/ksan.me\/?page_id=464#breadcrumb"},"inLanguage":"en-US","potentialAction":[{"@type":"ReadAction","target":["https:\/\/ksan.me\/?page_id=464"]}]},{"@type":"ImageObject","inLanguage":"en-US","@id":"https:\/\/ksan.me\/?page_id=464#primaryimage","url":"https:\/\/ksan.me\/wp-content\/uploads\/2022\/05\/DSC_1091-2-scaled.jpg","contentUrl":"https:\/\/ksan.me\/wp-content\/uploads\/2022\/05\/DSC_1091-2-scaled.jpg","width":2560,"height":1585},{"@type":"BreadcrumbList","@id":"https:\/\/ksan.me\/?page_id=464#breadcrumb","itemListElement":[{"@type":"ListItem","position":1,"name":"Home","item":"https:\/\/ksan.me\/"},{"@type":"ListItem","position":2,"name":"in\u017eenjerska \u0161kola nauke II"}]},{"@type":"WebSite","@id":"https:\/\/ksan.me\/#website","url":"https:\/\/ksan.me\/","name":"www.ksan.me","description":"NVU Korak sa naukom","publisher":{"@id":"https:\/\/ksan.me\/#organization"},"potentialAction":[{"@type":"SearchAction","target":{"@type":"EntryPoint","urlTemplate":"https:\/\/ksan.me\/?s={search_term_string}"},"query-input":{"@type":"PropertyValueSpecification","valueRequired":true,"valueName":"search_term_string"}}],"inLanguage":"en-US"},{"@type":"Organization","@id":"https:\/\/ksan.me\/#organization","name":"www.ksan.me","url":"https:\/\/ksan.me\/","logo":{"@type":"ImageObject","inLanguage":"en-US","@id":"https:\/\/ksan.me\/#\/schema\/logo\/image\/","url":"https:\/\/ksan.me\/wp-content\/uploads\/2022\/05\/cropped-KSAN-Logo-polo-majica-naprijed-.png","contentUrl":"https:\/\/ksan.me\/wp-content\/uploads\/2022\/05\/cropped-KSAN-Logo-polo-majica-naprijed-.png","width":1333,"height":444,"caption":"www.ksan.me"},"image":{"@id":"https:\/\/ksan.me\/#\/schema\/logo\/image\/"}}]}},"_links":{"self":[{"href":"https:\/\/ksan.me\/index.php?rest_route=\/wp\/v2\/pages\/464","targetHints":{"allow":["GET"]}}],"collection":[{"href":"https:\/\/ksan.me\/index.php?rest_route=\/wp\/v2\/pages"}],"about":[{"href":"https:\/\/ksan.me\/index.php?rest_route=\/wp\/v2\/types\/page"}],"author":[{"embeddable":true,"href":"https:\/\/ksan.me\/index.php?rest_route=\/wp\/v2\/users\/1"}],"replies":[{"embeddable":true,"href":"https:\/\/ksan.me\/index.php?rest_route=%2Fwp%2Fv2%2Fcomments&post=464"}],"version-history":[{"count":5,"href":"https:\/\/ksan.me\/index.php?rest_route=\/wp\/v2\/pages\/464\/revisions"}],"predecessor-version":[{"id":485,"href":"https:\/\/ksan.me\/index.php?rest_route=\/wp\/v2\/pages\/464\/revisions\/485"}],"wp:attachment":[{"href":"https:\/\/ksan.me\/index.php?rest_route=%2Fwp%2Fv2%2Fmedia&parent=464"}],"curies":[{"name":"wp","href":"https:\/\/api.w.org\/{rel}","templated":true}]}}